{"id":664,"date":"2023-10-23T19:43:45","date_gmt":"2023-10-23T22:43:45","guid":{"rendered":"https:\/\/gebu.cl\/?page_id=664"},"modified":"2023-10-27T12:16:05","modified_gmt":"2023-10-27T15:16:05","slug":"passy-muir","status":"publish","type":"page","link":"https:\/\/gebu.cl\/index.php\/passy-muir\/","title":{"rendered":"Passy Muir"},"content":{"rendered":"\n<div class=\"wp-block-uagb-container uagb-block-2329cd1f alignfull uagb-is-root-container\"><div class=\"uagb-container-inner-blocks-wrap\">\n<div class=\"wp-block-uagb-container uagb-block-71d12e48\">\n<h1 class=\"wp-block-heading\">V\u00e1lvulas de Fonaci\u00f3n                                  Passy Muir<\/h1>\n<\/div>\n<\/div><\/div>\n\n\n\n<div class=\"wp-block-uagb-container uagb-block-d6ff1964 alignfull uagb-is-root-container\"><div class=\"uagb-container-inner-blocks-wrap\">\n<div class=\"wp-block-uagb-container uagb-block-5a5dfe89\">\n<div class=\"wp-block-uagb-container uagb-block-84b51d46\">\n<div class=\"wp-block-uagb-info-box uagb-block-0e3c6697 uagb-infobox__content-wrap  uagb-infobox-icon-left uagb-infobox-left uagb-infobox-stacked-mobile uagb-infobox-image-valign-top\"><div class=\"uagb-ifb-icon-wrap\"><svg xmlns=\"https:\/\/www.w3.org\/2000\/svg\" viewBox=\"0 0 576 512\"><path d=\"M568.3 192c-29 .125-135 6.124-213.9 82.1C321.2 304.7 301 338.3 288 369.9c-13-31.63-33.25-65.25-66.38-94.87C142.8 198.2 36.75 192.2 7.75 192C3.375 192 0 195.4 0 199.9c.25 27.88 7.125 126.2 88.75 199.3C172.8 481 256 479.1 288 479.1s115.2 1.025 199.3-80.85C568.9 326 575.8 227.7 576 199.9C576 195.4 572.6 192 568.3 192zM288 302.6c12.75-18.87 27.62-35.75 44.13-50.5c19-18.62 39.5-33.37 60.25-45.25c-16.5-70.5-51.75-133-96.75-172.3c-4.125-3.5-11-3.5-15.12 0c-45 39.25-80.25 101.6-96.75 172.1c20.37 11.75 40.5 26.12 59.25 44.37C260 266.4 275.1 283.7 288 302.6z\"><\/path><\/svg><\/div><div class=\"uagb-ifb-content\"><div class=\"uagb-ifb-title-wrap\"><h5 class=\"uagb-ifb-title\"><br>Restaura la comunicaci\u00f3n.<br>Mejora la degluci\u00f3n y <br>puede reducir la aspiraci\u00f3n<\/h5><\/div><p class=\"uagb-ifb-desc\"><br><br><\/p><\/div><\/div>\n<\/div>\n\n\n\n<div class=\"wp-block-uagb-container uagb-block-7e7a535f\">\n<div class=\"wp-block-uagb-info-box uagb-block-f489197d uagb-infobox__content-wrap  uagb-infobox-icon-left uagb-infobox-left uagb-infobox-stacked-mobile uagb-infobox-image-valign-top\"><div class=\"uagb-ifb-icon-wrap\"><svg xmlns=\"https:\/\/www.w3.org\/2000\/svg\" viewBox=\"0 0 448 512\"><path d=\"M50.73 58.53C58.86 42.27 75.48 32 93.67 32H208V160H0L50.73 58.53zM240 160V32H354.3C372.5 32 389.1 42.27 397.3 58.53L448 160H240zM448 416C448 451.3 419.3 480 384 480H64C28.65 480 0 451.3 0 416V192H448V416z\"><\/path><\/svg><\/div><div class=\"uagb-ifb-content\"><div class=\"uagb-ifb-title-wrap\"><h5 class=\"uagb-ifb-title\"> Restaura la presi\u00f3n<br>natural positiva de <br>la v\u00eda a\u00e9rea.<br>Facilita el manejo de las secreciones <\/h5><\/div><\/div><\/div>\n<\/div>\n\n\n\n<div class=\"wp-block-uagb-container uagb-block-cb4c0c89\">\n<div class=\"wp-block-uagb-info-box uagb-block-2954107a uagb-infobox__content-wrap  uagb-infobox-icon-left uagb-infobox-left uagb-infobox-stacked-mobile uagb-infobox-image-valign-top\"><div class=\"uagb-ifb-icon-wrap\"><svg xmlns=\"https:\/\/www.w3.org\/2000\/svg\" viewBox=\"0 0 512 512\"><path d=\"M464 16c-17.67 0-32 14.31-32 32v74.09C392.1 66.52 327.4 32 256 32C161.5 32 78.59 92.34 49.58 182.2c-5.438 16.81 3.797 34.88 20.61 40.28c16.89 5.5 34.88-3.812 40.3-20.59C130.9 138.5 189.4 96 256 96c50.5 0 96.26 24.55 124.4 64H336c-17.67 0-32 14.31-32 32s14.33 32 32 32h128c17.67 0 32-14.31 32-32V48C496 30.31 481.7 16 464 16zM441.8 289.6c-16.92-5.438-34.88 3.812-40.3 20.59C381.1 373.5 322.6 416 256 416c-50.5 0-96.25-24.55-124.4-64H176c17.67 0 32-14.31 32-32s-14.33-32-32-32h-128c-17.67 0-32 14.31-32 32v144c0 17.69 14.33 32 32 32s32-14.31 32-32v-74.09C119.9 445.5 184.6 480 255.1 480c94.45 0 177.4-60.34 206.4-150.2C467.9 313 458.6 294.1 441.8 289.6z\"><\/path><\/svg><\/div><div class=\"uagb-ifb-content\"><div class=\"uagb-ifb-title-wrap\"><h5 class=\"uagb-ifb-title\">Acelera la desconexi\u00f3n del ventilador y la decanulaci\u00f3n.<br>Facilita el control de infecciones<br>Mejora el olfato, el gusto y la sensaci\u00f3n<\/h5><\/div><\/div><\/div>\n<\/div>\n<\/div>\n\n\n\n<div class=\"wp-block-uagb-container uagb-block-38ca1bdd\">\n<div class=\"wp-block-uagb-container uagb-block-70e123e2\">\n<div class=\"wp-block-uagb-info-box uagb-block-b56f88de uagb-infobox__content-wrap  uagb-infobox-icon-above-title uagb-infobox-image-valign-top\"><div class=\"uagb-ifb-content\"><div class=\"uagb-ifb-image-content\"><img decoding=\"async\" src=\"http:\/\/gebu.cl\/wp-content\/uploads\/2023\/10\/PMV007.jpg\" alt=\"\" width=\"500\" height=\"500\" loading=\"lazy\"\/><\/div><div class=\"uagb-ifb-title-wrap\"><h4 class=\"uagb-ifb-title\">PMV 007 V\u00e1lvula Aqua<\/h4><\/div><p class=\"uagb-ifb-desc\">&#8211; De <em>15 mm de di\u00e1metro interior, 22 mm de di\u00e1metro exterior<\/em><br><br><br>&#8211; <em>No es compatible con Secure-It ni con el adaptador de ox\u00edgeno PMA&nbsp;\u00ae&nbsp;2000.&nbsp;<\/em><br>&#8211;<em>Sin l\u00e1tex.&nbsp;<\/em><\/p><div class=\"uagb-ifb-button-wrapper wp-block-button\"><a href=\"http:\/\/gebu.cl\/wp-content\/uploads\/2023\/10\/PMV-007-Color-Aqua-Ficha.pdf\" class=\"uagb-infobox-cta-link wp-block-button__link\" target=\"_self\" rel=\"noopener noreferrer\" onclick=\"return true;\" alt=\"\"><span class=\"uagb-inline-editing\">Descarga su ficha<\/span><svg xmlns=\"https:\/\/www.w3.org\/2000\/svg\" viewBox=\"0 0 512 512\"><path d=\"M504.3 273.6l-112.1 104c-6.992 6.484-17.18 8.218-25.94 4.406c-8.758-3.812-14.42-12.45-14.42-21.1L351.9 288H32C14.33 288 .0002 273.7 .0002 255.1S14.33 224 32 224h319.9l0-72c0-9.547 5.66-18.19 14.42-22c8.754-3.809 18.95-2.075 25.94 4.41l112.1 104C514.6 247.9 514.6 264.1 504.3 273.6z\"><\/path><\/svg><\/a><\/div><\/div><\/div>\n<\/div>\n\n\n\n<div class=\"wp-block-uagb-container uagb-block-7a19b60c\">\n<div class=\"wp-block-uagb-info-box uagb-block-e9028ce6 uagb-infobox__content-wrap  uagb-infobox-icon-above-title uagb-infobox-image-valign-top\"><div class=\"uagb-ifb-content\"><div class=\"uagb-ifb-image-content\"><img decoding=\"async\" src=\"http:\/\/gebu.cl\/wp-content\/uploads\/2023\/10\/PMV2001.jpg\" alt=\"\" width=\"500\" height=\"500\" loading=\"lazy\"\/><\/div><div class=\"uagb-ifb-title-wrap\"><h4 class=\"uagb-ifb-title\">PMV 2001 V\u00e1lvula Purple. <\/h4><\/div><p class=\"uagb-ifb-desc\"> -De 15 mm de di\u00e1metro interior, 23 mm de di\u00e1metro exterior para tubo de traqueotom\u00eda est\u00e1ndar de 15 mm.<br>-La v\u00e1lvula fonatoria PMV 2001 incluye<br>un PMV Secure-It \u00ae para ayudar a evitar su p\u00e9rdida. <br>&#8211; Sin l\u00e1tex. <\/p><div class=\"uagb-ifb-button-wrapper wp-block-button\"><a href=\"http:\/\/gebu.cl\/wp-content\/uploads\/2023\/10\/PMV-2001-Color-Purpura-Ficha.pdf\" class=\"uagb-infobox-cta-link wp-block-button__link\" target=\"_self\" rel=\"noopener noreferrer\" onclick=\"return true;\" alt=\"\"><span class=\"uagb-inline-editing\">Descarga su ficha<\/span><svg xmlns=\"https:\/\/www.w3.org\/2000\/svg\" viewBox=\"0 0 512 512\"><path d=\"M504.3 273.6l-112.1 104c-6.992 6.484-17.18 8.218-25.94 4.406c-8.758-3.812-14.42-12.45-14.42-21.1L351.9 288H32C14.33 288 .0002 273.7 .0002 255.1S14.33 224 32 224h319.9l0-72c0-9.547 5.66-18.19 14.42-22c8.754-3.809 18.95-2.075 25.94 4.41l112.1 104C514.6 247.9 514.6 264.1 504.3 273.6z\"><\/path><\/svg><\/a><\/div><\/div><\/div>\n<\/div>\n\n\n\n<div class=\"wp-block-uagb-container uagb-block-5a97cb9d\">\n<div class=\"wp-block-uagb-info-box uagb-block-81188fee uagb-infobox__content-wrap  uagb-infobox-icon-above-title uagb-infobox-image-valign-top\"><div class=\"uagb-ifb-content\"><div class=\"uagb-ifb-image-content\"><img decoding=\"async\" src=\"http:\/\/gebu.cl\/wp-content\/uploads\/2023\/10\/PMV-securety.jpg\" alt=\"\" width=\"500\" height=\"500\" loading=\"lazy\"\/><\/div><div class=\"uagb-ifb-title-wrap\"><h4 class=\"uagb-ifb-title\">PMV Secure- It<\/h4><\/div><p class=\"uagb-ifb-desc\">&#8211; Elemento que conecta la v\u00e1lvula a una atadura de traqueotom\u00eda, para<br>ayudar a evitar su p\u00e9rdida. <br><br><br><br>&#8211; Sin l\u00e1tex.<\/p><div class=\"uagb-ifb-button-wrapper wp-block-button\"><a href=\"#\" class=\"uagb-infobox-cta-link wp-block-button__link\" target=\"_self\" rel=\"noopener noreferrer\" onclick=\"return false;\" alt=\"\"><span class=\"uagb-inline-editing\">descarga su ficha<\/span><svg xmlns=\"https:\/\/www.w3.org\/2000\/svg\" viewBox=\"0 0 512 512\"><path d=\"M504.3 273.6l-112.1 104c-6.992 6.484-17.18 8.218-25.94 4.406c-8.758-3.812-14.42-12.45-14.42-21.1L351.9 288H32C14.33 288 .0002 273.7 .0002 255.1S14.33 224 32 224h319.9l0-72c0-9.547 5.66-18.19 14.42-22c8.754-3.809 18.95-2.075 25.94 4.41l112.1 104C514.6 247.9 514.6 264.1 504.3 273.6z\"><\/path><\/svg><\/a><\/div><\/div><\/div>\n<\/div>\n<\/div>\n<\/div><\/div>\n\n\n\n<div class=\"wp-block-uagb-container uagb-block-35e84534 alignfull uagb-is-root-container\"><div class=\"uagb-container-inner-blocks-wrap\">\n<div class=\"wp-block-uagb-container uagb-block-4364e632\">\n<div class=\"wp-block-uagb-info-box uagb-block-2d7e6cb0 uagb-infobox__content-wrap  uagb-infobox-icon-above-title uagb-infobox-image-valign-top\"><div class=\"uagb-ifb-content\"><div class=\"uagb-ifb-title-wrap\"><h3 class=\"uagb-ifb-title\">Hablemos de las v\u00e1lvulas de fonaci\u00f3n Passy Muir<\/h3><\/div><\/div><\/div>\n<\/div>\n\n\n\n<div class=\"wp-block-uagb-container uagb-block-63ba5c36\">\n<p>Todas las v\u00e1lvulas de traqueotom\u00eda y ventilador&nbsp;de Passy Muir&nbsp;para la degluci\u00f3n y el habla (PMV&nbsp;<sup>\u00ae<\/sup>&nbsp;) ofrecen a los pacientes numerosos beneficios cl\u00ednicos.&nbsp;Adem\u00e1s de la producci\u00f3n de voz y habla,&nbsp;las v\u00e1lvulas&nbsp;Passy Muir&nbsp;mejoran la degluci\u00f3n, el manejo de las secreciones y el sentido del olfato y el gusto.&nbsp;Las v\u00e1lvulas pueden reducir la aspiraci\u00f3n y ayudar con el control de infecciones, la desconexi\u00f3n del ventilador y la decanulaci\u00f3n.&nbsp;Muchos usuarios de PMV han informado que el uso de la&nbsp;v\u00e1lvula&nbsp;Passy Muir&nbsp;ha tenido un impacto positivo significativo en su calidad de vida.&nbsp;Las v\u00e1lvulas&nbsp;Passy Muir&nbsp;se pueden utilizar en pacientes pedi\u00e1tricos y adultos y se conectan f\u00e1cilmente a un conector de tubo de traqueotom\u00eda est\u00e1ndar.&nbsp;Todas&nbsp;las v\u00e1lvulas&nbsp;Passy Muir&nbsp;se fabrican con orgullo en los EEUU. La&nbsp;v\u00e1lvula&nbsp;Passy Muir&nbsp;es un dispositivo recetado y requiere una orden m\u00e9dica.<\/p>\n<\/div>\n<\/div><\/div>\n\n\n\n<div class=\"wp-block-uagb-container uagb-block-9a118b4c alignfull uagb-is-root-container\"><div class=\"uagb-container-inner-blocks-wrap\">\n<div class=\"wp-block-uagb-advanced-heading uagb-block-b2f16bbe\"><h2 class=\"uagb-heading-text\">Productos de Educaci\u00f3n<\/h2><p class=\"uagb-desc-text\">&nbsp;Herramientas dise\u00f1adas y desarrolladas para satisfacer mejor las necesidades educativas de los profesionales y las instalaciones m\u00e9dicas<\/p><\/div>\n\n\n\n<div class=\"wp-block-group is-layout-constrained wp-block-group-is-layout-constrained\">\n<div class=\"wp-block-uagb-container uagb-block-ef990e17 alignfull uagb-is-root-container\"><div class=\"uagb-container-inner-blocks-wrap\">\n<div class=\"wp-block-columns is-layout-flex wp-container-core-columns-layout-1 wp-block-columns-is-layout-flex\">\n<div class=\"wp-block-column is-layout-flow wp-block-column-is-layout-flow\">\n<div class=\"wp-block-uagb-info-box uagb-block-49da3d28 uagb-infobox__content-wrap  uagb-infobox-icon-above-title uagb-infobox-image-valign-top\"><div class=\"uagb-ifb-content\"><div class=\"uagb-ifb-image-content\"><img decoding=\"async\" src=\"http:\/\/gebu.cl\/wp-content\/uploads\/2023\/10\/TOM3-e1698181338392.jpg\" alt=\"\" width=\"500\" height=\"470\" loading=\"lazy\"\/><\/div><div class=\"uagb-ifb-title-wrap\"><\/div><\/div><\/div>\n<\/div>\n\n\n\n<div class=\"wp-block-column is-layout-constrained wp-block-column-is-layout-constrained\">\n<p class=\"has-ast-global-color-8-color has-text-color has-medium-font-size\"><strong>T.O.M<\/strong><\/p>\n\n\n\n<p class=\"has-white-color has-text-color\" style=\"font-style:italic;font-weight:500\">TOM de traqueotom\u00eda es un modelo port\u00e1til y duradero de elast\u00f3mero de poliuretano montado sobre una plataforma acr\u00edlica que representa una vista medio sagital de la cavidad nasal con la nariz, la cavidad oral, la faringe, la tr\u00e1quea y el es\u00f3fago superior de un adulto traqueotomizado.\u00a0<br>Se proporciona un \u00abestoma\u00bb en el \u00e1rea inferior del cuello para permitir la demostraci\u00f3n del efecto de diversos aspectos del cuidado de la traqueotom\u00eda y cuestiones de colocaci\u00f3n de la traqueotom\u00eda.\u00a0<br>La nariz est\u00e1 abierta, lo que permite la inserci\u00f3n y colocaci\u00f3n de un cat\u00e9ter de succi\u00f3n o una sonda nasog\u00e1strica.\u00a0<br>La pared traqueoesof\u00e1gica flexible permite demostrar los efectos de un manguito de tubo de traqueotom\u00eda demasiado inflado en el es\u00f3fago.<\/p>\n\n\n\n<figure class=\"wp-block-embed is-type-video is-provider-youtube wp-block-embed-youtube wp-embed-aspect-16-9 wp-has-aspect-ratio\" style=\"margin-top:0;margin-right:0;margin-bottom:0;margin-left:0\"><div class=\"wp-block-embed__wrapper\">\n<div class=\"ast-oembed-container \" style=\"height: 100%;\"><iframe loading=\"lazy\" title=\"Trachestomy T.O.M. Stand Set Up\" width=\"500\" height=\"281\" src=\"https:\/\/www.youtube.com\/embed\/OPpIYngww0Y?list=PLJ8qM9vuy7XM_aokIhQ49HJdN3_qwSz_Y\" frameborder=\"0\" allow=\"accelerometer; autoplay; clipboard-write; encrypted-media; gyroscope; picture-in-picture; web-share\" allowfullscreen><\/iframe><\/div>\n<\/div><\/figure>\n<\/div>\n<\/div>\n<\/div><\/div>\n<\/div>\n\n\n\n<div class=\"wp-block-group is-layout-constrained wp-block-group-is-layout-constrained\">\n<div class=\"wp-block-uagb-container uagb-block-066696f6 alignfull uagb-is-root-container\"><div class=\"uagb-container-inner-blocks-wrap\">\n<div class=\"wp-block-columns is-layout-flex wp-container-core-columns-layout-2 wp-block-columns-is-layout-flex\">\n<div class=\"wp-block-column is-layout-flow wp-block-column-is-layout-flow\">\n<p class=\"has-ast-global-color-5-color has-text-color has-medium-font-size\"><strong>P.A.M.<\/strong><\/p>\n\n\n\n<p class=\"has-ast-global-color-5-color has-text-color\" style=\"font-style:italic;font-weight:500\">Traqueostom\u00eda PAM (modelo de v\u00eda a\u00e9rea pedi\u00e1trica) est\u00e1 dise\u00f1ado para que lo utilicen profesionales de la salud para educar a estudiantes, familias, pacientes y m\u00e9dicos sobre la traqueostom\u00eda en las v\u00edas respiratorias pedi\u00e1tricas y la aplicaci\u00f3n adecuada de la\u00a0v\u00e1lvula <strong>Passy Muir.\u00a0<\/strong>PAM incluye \u00fatiles accesorios educativos que permiten a los m\u00e9dicos brindar una amplia variedad de educaci\u00f3n relacionada con la traqueotom\u00eda.\u00a0<br>El kit incluye tres\u00a0v\u00e1lvulas\u00a0<br>Passy Muir\u00a0de demostraci\u00f3n , un tubo de traqueotom\u00eda con bal\u00f3n y una jeringa para educaci\u00f3n y pr\u00e1ctica relacionadas con el uso de v\u00e1lvulas fonatorias con y sin ventilador.\u00a0<br>Se proporciona una sonda nasog\u00e1strica para mostrar la intubaci\u00f3n nasog\u00e1strica.\u00a0<br>Se proporciona un paquete de producto PAM de traqueotom\u00eda personalizado para facilitar el almacenamiento y transporte de todo el kit PAM. <\/p>\n\n\n\n<figure class=\"wp-block-embed is-type-video is-provider-youtube wp-block-embed-youtube wp-embed-aspect-4-3 wp-has-aspect-ratio\" style=\"margin-top:0;margin-right:0;margin-bottom:0;margin-left:0\"><div class=\"wp-block-embed__wrapper\">\n<div class=\"ast-oembed-container \" style=\"height: 100%;\"><iframe loading=\"lazy\" title=\"Tracheostomy PAM: Installing the Base\" width=\"500\" height=\"375\" src=\"https:\/\/www.youtube.com\/embed\/Xon43QOSBnI?list=PLJ8qM9vuy7XO2iRa_ujv_yL2_2AwdrBfu\" frameborder=\"0\" allow=\"accelerometer; autoplay; clipboard-write; encrypted-media; gyroscope; picture-in-picture; web-share\" allowfullscreen><\/iframe><\/div>\n<\/div><\/figure>\n<\/div>\n\n\n\n<div class=\"wp-block-column is-layout-flow wp-block-column-is-layout-flow\">\n<div class=\"wp-block-uagb-info-box uagb-block-b2337722 uagb-infobox__content-wrap  uagb-infobox-icon-above-title uagb-infobox-image-valign-top\"><div class=\"uagb-ifb-content\"><div class=\"uagb-ifb-image-content\"><img decoding=\"async\" src=\"http:\/\/gebu.cl\/wp-content\/uploads\/2023\/10\/PAM-e1698181112244.jpg\" alt=\"\" width=\"500\" height=\"470\" loading=\"lazy\"\/><\/div><div class=\"uagb-ifb-title-wrap\"><\/div><\/div><\/div>\n<\/div>\n<\/div>\n<\/div><\/div>\n<\/div>\n<\/div><\/div>\n\n\n\n<div class=\"wp-block-uagb-container uagb-block-33fe89e8 alignfull uagb-is-root-container\"><div class=\"uagb-container-inner-blocks-wrap\">\n<div class=\"wp-block-uagb-info-box uagb-block-1796afdb uagb-infobox__content-wrap  uagb-infobox-icon-above-title uagb-infobox-image-valign-top\"><div class=\"uagb-ifb-content\"><div class=\"uagb-ifb-title-wrap\"><h2 class=\"uagb-ifb-title\">\u00bfNecesitas mas informaci\u00f3n?<\/h2><\/div><p class=\"uagb-ifb-desc\">Escr\u00edbenos a trav\u00e9s de nuestro formulario de contacto o a ventas@gebu.cl<\/p><div class=\"uagb-ifb-button-wrapper wp-block-button\"><a href=\"https:\/\/gebu.cl\/index.php\/contact-us\/\" class=\"uagb-infobox-cta-link wp-block-button__link\" target=\"_blank\" rel=\"noopener noreferrer\" onclick=\"return true;\" alt=\"\"><span class=\"uagb-inline-editing\">Cont\u00e1ctanos<\/span><\/a><\/div><\/div><\/div>\n<\/div><\/div>\n","protected":false},"excerpt":{"rendered":"<p>V\u00e1lvulas de Fonaci\u00f3n Passy Muir Todas las v\u00e1lvulas de traqueotom\u00eda y ventilador&nbsp;de Passy Muir&nbsp;para la degluci\u00f3n y el habla (PMV&nbsp;\u00ae&nbsp;) ofrecen a los pacientes numerosos beneficios cl\u00ednicos.&nbsp;Adem\u00e1s de la producci\u00f3n de voz y habla,&nbsp;las v\u00e1lvulas&nbsp;Passy Muir&nbsp;mejoran la degluci\u00f3n, el manejo de las secreciones y el sentido del olfato y el gusto.&nbsp;Las v\u00e1lvulas pueden reducir la [&hellip;]<\/p>\n","protected":false},"author":1,"featured_media":0,"parent":0,"menu_order":0,"comment_status":"closed","ping_status":"closed","template":"","meta":{"om_disable_all_campaigns":false,"_uag_custom_page_level_css":"","_monsterinsights_skip_tracking":false,"_monsterinsights_sitenote_active":false,"_monsterinsights_sitenote_note":"","_monsterinsights_sitenote_category":0,"site-sidebar-layout":"no-sidebar","site-content-layout":"","ast-site-content-layout":"normal-width-container","site-content-style":"unboxed","site-sidebar-style":"unboxed","ast-global-header-display":"","ast-banner-title-visibility":"","ast-main-header-display":"","ast-hfb-above-header-display":"","ast-hfb-below-header-display":"","ast-hfb-mobile-header-display":"","site-post-title":"disabled","ast-breadcrumbs-content":"","ast-featured-img":"","footer-sml-layout":"","theme-transparent-header-meta":"","adv-header-id-meta":"","stick-header-meta":"","header-above-stick-meta":"","header-main-stick-meta":"","header-below-stick-meta":"","astra-migrate-meta-layouts":"set","ast-page-background-enabled":"default","ast-page-background-meta":{"desktop":{"background-color":"","background-image":"","background-repeat":"repeat","background-position":"center center","background-size":"auto","background-attachment":"scroll","background-type":"","background-media":"","overlay-type":"","overlay-color":"","overlay-opacity":"","overlay-gradient":""},"tablet":{"background-color":"","background-image":"","background-repeat":"repeat","background-position":"center center","background-size":"auto","background-attachment":"scroll","background-type":"","background-media":"","overlay-type":"","overlay-color":"","overlay-opacity":"","overlay-gradient":""},"mobile":{"background-color":"","background-image":"","background-repeat":"repeat","background-position":"center center","background-size":"auto","background-attachment":"scroll","background-type":"","background-media":"","overlay-type":"","overlay-color":"","overlay-opacity":"","overlay-gradient":""}},"ast-content-background-meta":{"desktop":{"background-color":"var(--ast-global-color-5)","background-image":"","background-repeat":"repeat","background-position":"center center","background-size":"auto","background-attachment":"scroll","background-type":"","background-media":"","overlay-type":"","overlay-color":"","overlay-opacity":"","overlay-gradient":""},"tablet":{"background-color":"var(--ast-global-color-5)","background-image":"","background-repeat":"repeat","background-position":"center center","background-size":"auto","background-attachment":"scroll","background-type":"","background-media":"","overlay-type":"","overlay-color":"","overlay-opacity":"","overlay-gradient":""},"mobile":{"background-color":"var(--ast-global-color-5)","background-image":"","background-repeat":"repeat","background-position":"center center","background-size":"auto","background-attachment":"scroll","background-type":"","background-media":"","overlay-type":"","overlay-color":"","overlay-opacity":"","overlay-gradient":""}},"footnotes":"","_joinchat":[]},"aioseo_notices":[],"uagb_featured_image_src":{"full":false,"thumbnail":false,"medium":false,"medium_large":false,"large":false,"1536x1536":false,"2048x2048":false,"woocommerce_thumbnail":false,"woocommerce_single":false,"woocommerce_gallery_thumbnail":false},"uagb_author_info":{"display_name":"gebu.cl","author_link":"https:\/\/gebu.cl\/index.php\/author\/gebu-cl\/"},"uagb_comment_info":0,"uagb_excerpt":"V\u00e1lvulas de Fonaci\u00f3n Passy Muir Todas las v\u00e1lvulas de traqueotom\u00eda y ventilador&nbsp;de Passy Muir&nbsp;para la degluci\u00f3n y el habla (PMV&nbsp;\u00ae&nbsp;) ofrecen a los pacientes numerosos beneficios cl\u00ednicos.&nbsp;Adem\u00e1s de la producci\u00f3n de voz y habla,&nbsp;las v\u00e1lvulas&nbsp;Passy Muir&nbsp;mejoran la degluci\u00f3n, el manejo de las secreciones y el sentido del olfato y el gusto.&nbsp;Las v\u00e1lvulas pueden reducir la&hellip;","_links":{"self":[{"href":"https:\/\/gebu.cl\/index.php\/wp-json\/wp\/v2\/pages\/664"}],"collection":[{"href":"https:\/\/gebu.cl\/index.php\/wp-json\/wp\/v2\/pages"}],"about":[{"href":"https:\/\/gebu.cl\/index.php\/wp-json\/wp\/v2\/types\/page"}],"author":[{"embeddable":true,"href":"https:\/\/gebu.cl\/index.php\/wp-json\/wp\/v2\/users\/1"}],"replies":[{"embeddable":true,"href":"https:\/\/gebu.cl\/index.php\/wp-json\/wp\/v2\/comments?post=664"}],"version-history":[{"count":64,"href":"https:\/\/gebu.cl\/index.php\/wp-json\/wp\/v2\/pages\/664\/revisions"}],"predecessor-version":[{"id":943,"href":"https:\/\/gebu.cl\/index.php\/wp-json\/wp\/v2\/pages\/664\/revisions\/943"}],"wp:attachment":[{"href":"https:\/\/gebu.cl\/index.php\/wp-json\/wp\/v2\/media?parent=664"}],"curies":[{"name":"wp","href":"https:\/\/api.w.org\/{rel}","templated":true}]}}