{"id":595,"date":"2020-08-20T07:29:55","date_gmt":"2020-08-20T11:29:55","guid":{"rendered":"https:\/\/gebu.cl\/index.php\/home\/"},"modified":"2023-10-25T20:20:23","modified_gmt":"2023-10-25T23:20:23","slug":"home","status":"publish","type":"page","link":"https:\/\/gebu.cl\/","title":{"rendered":"Tonguemeter"},"content":{"rendered":"\n<div class=\"wp-block-uagb-container uagb-block-ed54e8a3 alignfull uagb-is-root-container\"><div class=\"uagb-container-inner-blocks-wrap\">\n<div class=\"wp-block-uagb-info-box uagb-block-10edda5a uagb-infobox__content-wrap  uagb-infobox-icon-above-title uagb-infobox-image-valign-top\"><div class=\"uagb-ifb-content\"><div class=\"uagb-ifb-title-wrap\"><span class=\"uagb-ifb-title-prefix\">Dispositivo port\u00e1til dise\u00f1ado para medir y ejercitar la fuerza y resistencia de la lengua <\/span><h1 class=\"uagb-ifb-title\">Tonguemeter<br><strong>Ya disponible<\/strong><\/h1><\/div><div class=\"uagb-ifb-button-wrapper wp-block-button\"><a href=\"https:\/\/gebu.cl\/index.php\/contact-us\/\" class=\"uagb-infobox-cta-link wp-block-button__link\" target=\"_self\" rel=\"noopener noreferrer\" onclick=\"return true;\" alt=\"\"><span class=\"uagb-inline-editing\">\u00a1Contactanos!<\/span><\/a><\/div><\/div><\/div>\n<\/div><\/div>\n\n\n\n<div class=\"wp-block-uagb-container uagb-block-3743be5a alignfull uagb-is-root-container\"><div class=\"uagb-container-inner-blocks-wrap\">\n<div class=\"wp-block-uagb-container uagb-block-f211b869\">\n<div class=\"wp-block-uagb-info-box uagb-block-d3d17f42 uagb-infobox__content-wrap  uagb-infobox-icon-above-title uagb-infobox-image-valign-top\"><div class=\"uagb-ifb-content\"><div class=\"uagb-ifb-title-wrap\"><h3 class=\"uagb-ifb-title\">\u00bfCual es el aporte de este dispositivo?<\/h3><\/div><div class=\"uagb-ifb-button-wrapper wp-block-button\"><a href=\"http:\/\/gebu.cl\/wp-content\/uploads\/2023\/10\/Tongueometer-System-En-Espanol.pdf\" class=\"uagb-infobox-cta-link wp-block-button__link\" target=\"_self\" rel=\"noopener noreferrer\" onclick=\"return true;\" alt=\"\"><span class=\"uagb-inline-editing\">Descarga su ficha t\u00e9cnica<\/span><\/a><\/div><\/div><\/div>\n<\/div>\n\n\n\n<div class=\"wp-block-uagb-container uagb-block-53e63219\">\n<p>El Tongueometer es un dispositivo port\u00e1til dise\u00f1ado para medir y ejercitar la fuerza y resistencia de la lengua, y con esto ayudar, a personas con dificultades motoras orales, como disartria o disfasia, o a quienes se recuperan de un c\u00e1ncer de lengua. <br><br>El dispositivo se empareja con una aplicaci\u00f3n descargable gratuita que muestra, almacena y puede ejercitar datos. <\/p>\n\n\n\n<p>La aplicaci\u00f3n Tonguemeter presenta dos ejercicios de fortalecimiento de la lengua: Uno dise\u00f1ado para aumentar la fuerza m\u00e1xima de la lengua y otro para aumentar la resistencia de la lengua del usuario. Utilizando los principios de la ciencia del ejercicio, el usuario establecer\u00e1 un rango de presi\u00f3n objetivo para un ejercicio \u00f3ptimo.&nbsp;El usuario puede elegir entre el tipo de ejercicio de fuerza o resistencia, y la aplicaci\u00f3n Tongueometer mostrar\u00e1 un medidor con el rango objetivo resaltado, contar\u00e1 el n\u00famero de repeticiones exitosas, mostrar\u00e1 la lectura de presi\u00f3n en tiempo real, proporcionar\u00e1 biorretroalimentaci\u00f3n durante todo el ejercicio y almacenar\u00e1 datos de cada sesi\u00f3n de pr\u00e1ctica.<\/p>\n\n\n\n<p><\/p>\n<\/div>\n<\/div><\/div>\n\n\n\n<div class=\"wp-block-uagb-container uagb-block-1af0b16d alignfull uagb-is-root-container\"><div class=\"uagb-container-inner-blocks-wrap\">\n<div class=\"wp-block-uagb-container uagb-block-33ffc423\">\n<div class=\"wp-block-uagb-container uagb-block-fa81ecd6\">\n<div class=\"wp-block-uagb-info-box uagb-block-cdd202a1 uagb-infobox__content-wrap  uagb-infobox-icon-above-title uagb-infobox-image-valign-top\"><div class=\"uagb-ifb-content\"><div class=\"uagb-ifb-image-content\"><img decoding=\"async\" src=\"http:\/\/gebu.cl\/wp-content\/uploads\/2023\/10\/Imagen4.png\" alt=\"\" width=\"\" height=\"0\" loading=\"lazy\"\/><\/div><div class=\"uagb-ifb-title-wrap\"><h5 class=\"uagb-ifb-title\"><strong>Mida objetivamente la fuerza y \u200b\u200bla resistencia de la lengua.<\/strong> <\/h5><\/div><\/div><\/div>\n<\/div>\n\n\n\n<div class=\"wp-block-uagb-container uagb-block-eed11de3\">\n<div class=\"wp-block-uagb-info-box uagb-block-7769e4fd uagb-infobox__content-wrap  uagb-infobox-icon-above-title uagb-infobox-image-valign-top\"><div class=\"uagb-ifb-content\"><div class=\"uagb-ifb-image-content\"><img decoding=\"async\" src=\"http:\/\/gebu.cl\/wp-content\/uploads\/2023\/10\/Imagen1.png\" alt=\"\" width=\"\" height=\"0\" loading=\"lazy\"\/><\/div><div class=\"uagb-ifb-title-wrap\"><h5 class=\"uagb-ifb-title\"><strong>Configure f\u00e1cilmente la configuraci\u00f3n de ejercicio seg\u00fan las recomendaciones de su profesional de la salud.<\/strong> <\/h5><\/div><\/div><\/div>\n<\/div>\n\n\n\n<div class=\"wp-block-uagb-container uagb-block-e9d9c001\">\n<div class=\"wp-block-uagb-info-box uagb-block-6b66c86f uagb-infobox__content-wrap  uagb-infobox-icon-above-title uagb-infobox-image-valign-top\"><div class=\"uagb-ifb-content\"><div class=\"uagb-ifb-image-content\"><img decoding=\"async\" src=\"http:\/\/gebu.cl\/wp-content\/uploads\/2023\/10\/Imagen3.png\" alt=\"\" width=\"\" height=\"0\" loading=\"lazy\"\/><\/div><div class=\"uagb-ifb-title-wrap\"><h5 class=\"uagb-ifb-title\"><strong>Almacene y comparta los resultados de su ejercicio con su profesional de la salud con solo hacer clic en un bot\u00f3n.<\/strong><\/h5><\/div><\/div><\/div>\n<\/div>\n<\/div>\n\n\n\n<div class=\"wp-block-uagb-container uagb-block-d778cc8d\">\n<div class=\"wp-block-uagb-container uagb-block-3a00c81c\">\n<div class=\"wp-block-uagb-info-box uagb-block-6a9c2396 uagb-infobox__content-wrap  uagb-infobox-icon-above-title uagb-infobox-image-valign-top\"><div class=\"uagb-ifb-content\"><div class=\"uagb-ifb-image-content\"><img decoding=\"async\" src=\"http:\/\/gebu.cl\/wp-content\/uploads\/2023\/10\/tongueometer-product-compressor.jpg\" alt=\"\" width=\"\" height=\"0\" loading=\"lazy\"\/><\/div><div class=\"uagb-ifb-title-wrap\"><h4 class=\"uagb-ifb-title\">Tonguemeter<\/h4><\/div><p class=\"uagb-ifb-desc\">Incluye un Tonguemeter, un banco de energ\u00eda y cable, y una bombilla lingual<\/p><\/div><\/div>\n<\/div>\n\n\n\n<div class=\"wp-block-uagb-container uagb-block-6dbc4c2e\">\n<div class=\"wp-block-uagb-info-box uagb-block-a663825e uagb-infobox__content-wrap  uagb-infobox-icon-above-title uagb-infobox-image-valign-top\"><div class=\"uagb-ifb-content\"><div class=\"uagb-ifb-image-content\"><img decoding=\"async\" src=\"http:\/\/gebu.cl\/wp-content\/uploads\/2023\/10\/bulb-300x300.jpg\" alt=\"\" width=\"300\" height=\"300\" loading=\"lazy\"\/><\/div><div class=\"uagb-ifb-title-wrap\"><h4 class=\"uagb-ifb-title\">Pack 10 bulbos linguales<\/h4><\/div><p class=\"uagb-ifb-desc\">Incluye 10 bombillas linguales  y una herramienta de inflado de bombillas.<\/p><\/div><\/div>\n<\/div>\n\n\n\n<div class=\"wp-block-uagb-container uagb-block-936624eb\">\n<div class=\"wp-block-uagb-info-box uagb-block-ca7beb81 uagb-infobox__content-wrap  uagb-infobox-icon-above-title uagb-infobox-image-valign-top\"><div class=\"uagb-ifb-content\"><div class=\"uagb-ifb-image-content\"><img decoding=\"async\" src=\"http:\/\/gebu.cl\/wp-content\/uploads\/2023\/10\/app-dashboard-1-compressor-286x300.jpg\" alt=\"\" width=\"286\" height=\"300\" loading=\"lazy\"\/><\/div><div class=\"uagb-ifb-title-wrap\"><h4 class=\"uagb-ifb-title\">Aplicaci\u00f3n Gratuita<\/h4><\/div><p class=\"uagb-ifb-desc\">Desc\u00e1rgala de forma gratuita en Google Play Store o Apple App Store.<\/p><\/div><\/div>\n<\/div>\n<\/div>\n<\/div><\/div>\n\n\n\n<div class=\"wp-block-uagb-container uagb-block-29b40668 alignfull uagb-is-root-container\"><div class=\"uagb-container-inner-blocks-wrap\">\n<div class=\"wp-block-uagb-container uagb-block-0aa165e1\">\n<div class=\"wp-block-uagb-advanced-heading uagb-block-64a6819b\"><h2 class=\"uagb-heading-text\">Comencemos!<\/h2><p class=\"uagb-desc-text\">Todo lo que necesitas saber para comenzar<\/p><\/div>\n\n\n\n<div class=\"wp-block-uagb-container uagb-block-b7fe65d6\">\n<div class=\"wp-block-uagb-container uagb-block-facdaa7e\">\n<figure class=\"wp-block-embed is-type-video is-provider-youtube wp-block-embed-youtube wp-embed-aspect-16-9 wp-has-aspect-ratio\"><div class=\"wp-block-embed__wrapper\">\n<div class=\"ast-oembed-container \" style=\"height: 100%;\"><iframe loading=\"lazy\" title=\"Downloading the Bluetooth\u00ae Tongueometer App\" width=\"500\" height=\"281\" src=\"https:\/\/www.youtube.com\/embed\/McC1W62jMOg?feature=oembed\" frameborder=\"0\" allow=\"accelerometer; autoplay; clipboard-write; encrypted-media; gyroscope; picture-in-picture; web-share\" allowfullscreen><\/iframe><\/div>\n<\/div><\/figure>\n<\/div>\n\n\n\n<div class=\"wp-block-uagb-container uagb-block-3a39e04d\">\n<p class=\"has-text-align-center\"><strong>Descarguemos la aplicaci\u00f3n<\/strong><\/p>\n<\/div>\n<\/div>\n<\/div>\n\n\n\n<div class=\"wp-block-uagb-container uagb-block-5603c6d9\">\n<div class=\"wp-block-uagb-container uagb-block-431455f1\">\n<div class=\"wp-block-uagb-container uagb-block-0bd297f1\">\n<figure class=\"wp-block-embed is-type-video is-provider-youtube wp-block-embed-youtube wp-embed-aspect-16-9 wp-has-aspect-ratio\"><div class=\"wp-block-embed__wrapper\">\n<div class=\"ast-oembed-container \" style=\"height: 100%;\"><iframe loading=\"lazy\" title=\"Setting Up Your Bluetooth\u00ae Tongueometer\" width=\"500\" height=\"281\" src=\"https:\/\/www.youtube.com\/embed\/fpB585FluvY?feature=oembed\" frameborder=\"0\" allow=\"accelerometer; autoplay; clipboard-write; encrypted-media; gyroscope; picture-in-picture; web-share\" allowfullscreen><\/iframe><\/div>\n<\/div><\/figure>\n<\/div>\n\n\n\n<div class=\"wp-block-uagb-container uagb-block-14975a4a\">\n<p class=\"has-text-align-center\"><strong>Configuremos nuestro Tonguemeter <\/strong><\/p>\n<\/div>\n<\/div>\n\n\n\n<div class=\"wp-block-uagb-container uagb-block-eae7b11e\">\n<div class=\"wp-block-uagb-container uagb-block-ad83ae33\">\n<figure class=\"wp-block-embed is-type-video is-provider-youtube wp-block-embed-youtube wp-embed-aspect-16-9 wp-has-aspect-ratio\"><div class=\"wp-block-embed__wrapper\">\n<div class=\"ast-oembed-container \" style=\"height: 100%;\"><iframe loading=\"lazy\" title=\"Tongueometer Demonstration Video\" width=\"500\" height=\"281\" src=\"https:\/\/www.youtube.com\/embed\/247rO-RkS_M?feature=oembed\" frameborder=\"0\" allow=\"accelerometer; autoplay; clipboard-write; encrypted-media; gyroscope; picture-in-picture; web-share\" allowfullscreen><\/iframe><\/div>\n<\/div><\/figure>\n<\/div>\n\n\n\n<div class=\"wp-block-uagb-container uagb-block-c16bbf7c\">\n<p class=\"has-text-align-center\"><strong>Introducci\u00f3n <\/strong><\/p>\n<\/div>\n<\/div>\n<\/div>\n<\/div><\/div>\n\n\n\n<div class=\"wp-block-uagb-container uagb-block-a0d1e039 default uagb-is-root-container\">\n<div class=\"wp-block-uagb-container uagb-block-6b2b83d2\">\n<div class=\"wp-block-uagb-info-box uagb-block-39161508 uagb-infobox__content-wrap  uagb-infobox-icon-above-title uagb-infobox-image-valign-top\"><div class=\"uagb-ifb-content\"><div class=\"uagb-ifb-title-wrap\"><h2 class=\"uagb-ifb-title\"><br>\u00a1Cont\u00e1ctanos!<\/h2><\/div><p class=\"uagb-ifb-desc\">Escr\u00edbenos tus consultas a ventas@gebu.cl<\/p><div class=\"uagb-ifb-button-wrapper wp-block-button\"><a href=\"https:\/\/gebu.cl\/index.php\/contact-us\/\" class=\"uagb-infobox-cta-link wp-block-button__link\" target=\"_self\" rel=\"noopener noreferrer\" onclick=\"return true;\" alt=\"\"><span class=\"uagb-inline-editing\">Vamos a nuestro formulario<\/span><\/a><\/div><\/div><\/div>\n<\/div>\n<\/div>\n","protected":false},"excerpt":{"rendered":"<p>El Tongueometer es un dispositivo port\u00e1til dise\u00f1ado para medir y ejercitar la fuerza y resistencia de la lengua, y con esto ayudar, a personas con dificultades motoras orales, como disartria o disfasia, o a quienes se recuperan de un c\u00e1ncer de lengua. El dispositivo se empareja con una aplicaci\u00f3n descargable gratuita que muestra, almacena y [&hellip;]<\/p>\n","protected":false},"author":1,"featured_media":103,"parent":0,"menu_order":0,"comment_status":"closed","ping_status":"closed","template":"","meta":{"om_disable_all_campaigns":false,"_uag_custom_page_level_css":"","_monsterinsights_skip_tracking":false,"_monsterinsights_sitenote_active":false,"_monsterinsights_sitenote_note":"","_monsterinsights_sitenote_category":0,"site-sidebar-layout":"default","site-content-layout":"plain-container","ast-site-content-layout":"normal-width-container","site-content-style":"unboxed","site-sidebar-style":"unboxed","ast-global-header-display":"","ast-banner-title-visibility":"","ast-main-header-display":"","ast-hfb-above-header-display":"","ast-hfb-below-header-display":"","ast-hfb-mobile-header-display":"","site-post-title":"disabled","ast-breadcrumbs-content":"","ast-featured-img":"disabled","footer-sml-layout":"","theme-transparent-header-meta":"enabled","adv-header-id-meta":"","stick-header-meta":"","header-above-stick-meta":"","header-main-stick-meta":"","header-below-stick-meta":"","astra-migrate-meta-layouts":"set","ast-page-background-enabled":"default","ast-page-background-meta":{"desktop":{"background-color":"","background-image":"","background-repeat":"repeat","background-position":"center center","background-size":"auto","background-attachment":"scroll","background-type":"","background-media":"","overlay-type":"","overlay-color":"","overlay-opacity":"","overlay-gradient":""},"tablet":{"background-color":"","background-image":"","background-repeat":"repeat","background-position":"center center","background-size":"auto","background-attachment":"scroll","background-type":"","background-media":"","overlay-type":"","overlay-color":"","overlay-opacity":"","overlay-gradient":""},"mobile":{"background-color":"","background-image":"","background-repeat":"repeat","background-position":"center center","background-size":"auto","background-attachment":"scroll","background-type":"","background-media":"","overlay-type":"","overlay-color":"","overlay-opacity":"","overlay-gradient":""}},"ast-content-background-meta":{"desktop":{"background-color":"var(--ast-global-color-5)","background-image":"","background-repeat":"repeat","background-position":"center center","background-size":"auto","background-attachment":"scroll","background-type":"","background-media":"","overlay-type":"","overlay-color":"","overlay-opacity":"","overlay-gradient":""},"tablet":{"background-color":"var(--ast-global-color-5)","background-image":"","background-repeat":"repeat","background-position":"center center","background-size":"auto","background-attachment":"scroll","background-type":"","background-media":"","overlay-type":"","overlay-color":"","overlay-opacity":"","overlay-gradient":""},"mobile":{"background-color":"var(--ast-global-color-5)","background-image":"","background-repeat":"repeat","background-position":"center center","background-size":"auto","background-attachment":"scroll","background-type":"","background-media":"","overlay-type":"","overlay-color":"","overlay-opacity":"","overlay-gradient":""}},"footnotes":"","_joinchat":[]},"aioseo_notices":[],"uagb_featured_image_src":{"full":["https:\/\/gebu.cl\/wp-content\/uploads\/2023\/10\/Invertido.jpg",1670,720,false],"thumbnail":["https:\/\/gebu.cl\/wp-content\/uploads\/2023\/10\/Invertido-150x150.jpg",150,150,true],"medium":["https:\/\/gebu.cl\/wp-content\/uploads\/2023\/10\/Invertido-300x129.jpg",300,129,true],"medium_large":["https:\/\/gebu.cl\/wp-content\/uploads\/2023\/10\/Invertido-768x331.jpg",768,331,true],"large":["https:\/\/gebu.cl\/wp-content\/uploads\/2023\/10\/Invertido-1024x441.jpg",1024,441,true],"1536x1536":["https:\/\/gebu.cl\/wp-content\/uploads\/2023\/10\/Invertido-1536x662.jpg",1536,662,true],"2048x2048":["https:\/\/gebu.cl\/wp-content\/uploads\/2023\/10\/Invertido.jpg",1670,720,false],"woocommerce_thumbnail":["https:\/\/gebu.cl\/wp-content\/uploads\/2023\/10\/Invertido-300x300.jpg",300,300,true],"woocommerce_single":["https:\/\/gebu.cl\/wp-content\/uploads\/2023\/10\/Invertido-600x259.jpg",600,259,true],"woocommerce_gallery_thumbnail":["https:\/\/gebu.cl\/wp-content\/uploads\/2023\/10\/Invertido-100x100.jpg",100,100,true]},"uagb_author_info":{"display_name":"gebu.cl","author_link":"https:\/\/gebu.cl\/index.php\/author\/gebu-cl\/"},"uagb_comment_info":0,"uagb_excerpt":"El Tongueometer es un dispositivo port\u00e1til dise\u00f1ado para medir y ejercitar la fuerza y resistencia de la lengua, y con esto ayudar, a personas con dificultades motoras orales, como disartria o disfasia, o a quienes se recuperan de un c\u00e1ncer de lengua. El dispositivo se empareja con una aplicaci\u00f3n descargable gratuita que muestra, almacena y&hellip;","_links":{"self":[{"href":"https:\/\/gebu.cl\/index.php\/wp-json\/wp\/v2\/pages\/595"}],"collection":[{"href":"https:\/\/gebu.cl\/index.php\/wp-json\/wp\/v2\/pages"}],"about":[{"href":"https:\/\/gebu.cl\/index.php\/wp-json\/wp\/v2\/types\/page"}],"author":[{"embeddable":true,"href":"https:\/\/gebu.cl\/index.php\/wp-json\/wp\/v2\/users\/1"}],"replies":[{"embeddable":true,"href":"https:\/\/gebu.cl\/index.php\/wp-json\/wp\/v2\/comments?post=595"}],"version-history":[{"count":57,"href":"https:\/\/gebu.cl\/index.php\/wp-json\/wp\/v2\/pages\/595\/revisions"}],"predecessor-version":[{"id":914,"href":"https:\/\/gebu.cl\/index.php\/wp-json\/wp\/v2\/pages\/595\/revisions\/914"}],"wp:featuredmedia":[{"embeddable":true,"href":"https:\/\/gebu.cl\/index.php\/wp-json\/wp\/v2\/media\/103"}],"wp:attachment":[{"href":"https:\/\/gebu.cl\/index.php\/wp-json\/wp\/v2\/media?parent=595"}],"curies":[{"name":"wp","href":"https:\/\/api.w.org\/{rel}","templated":true}]}}